{"id":44,"date":"2024-05-25T07:17:39","date_gmt":"2024-05-25T07:17:39","guid":{"rendered":"https:\/\/academiaeuropa.net\/?page_id=44"},"modified":"2025-05-15T16:41:24","modified_gmt":"2025-05-15T16:41:24","slug":"oferta-formativa","status":"publish","type":"page","link":"https:\/\/academiaeuropa.net\/ca\/oferta-formativa","title":{"rendered":"Oferta formativa"},"content":{"rendered":"\n<p><strong>Durant tot l&#8217;any <\/strong>oferim una gran selecci\u00f3 de cursos propis de mat\u00e8ries com <strong>MECANOGRAFIA, INFORM\u00c0TICA, ANGL\u00c8S, T\u00c8CNIC ADMINISTRATIU, REFOR\u00c7 ESCOLAR<\/strong>, etc. <br>Cursos dirigits tant a fillets com a adults. Qualsevol edat \u00e9s bona per aprendre!! Consulti preu sense cap comprom\u00eds!! Classes als matins i als capvespres.<\/p>\n\n\n\n<p><strong><mark style=\"background-color:rgba(0, 0, 0, 0)\" class=\"has-inline-color has-vivid-green-cyan-color\">ESCOLA D&#8217;ESTIU!!<\/mark><\/strong> <br>Durant els mesos de <strong>JULIOL i AGOST<\/strong> s&#8217;ofereixen cursos intensius de <strong>MECANOGRAFIA, INFORM\u00c0TICA, ANGL\u00c8S i ANGL\u00c8S CONVERSA<\/strong>. <br>Horari de dilluns a divendres a partir de les 9h fins a les 13 h. A Ciutadella tamb\u00e9 de 18 a 20h dimarts i dijous. <br>Combini diferents mat\u00e8ries i consulti el paquet m\u00e9s adequat segons les seves necessitats. <br>Consulti preu sense comprom\u00eds. <a href=\"https:\/\/academiaeuropa.net\/wp-content\/uploads\/2024\/06\/escola-estiu-2024-cat-ciutadella.jpg\">Ciutadella <\/a>\/ <a href=\"https:\/\/academiaeuropa.net\/wp-content\/uploads\/2024\/06\/escola-estiu-2024-cat-mao.jpg\">Ma\u00f3<\/a>.<\/p>\n\n\n\n<p>Com a <strong>CENTRE COL\u00b7LABORADOR del SOIB<\/strong>, realitzem <strong>cursos gratu\u00efts<\/strong> dirigits priorit\u00e0riament a persones sense feina. <br>Certificats de professionalitat (a partir d&#8217;ara FP) de temes administratius. <br>Accions formatives d&#8217;angl\u00e8s i alemany, de diferents nivells i amb examen per a obtenir titulacions oficials (MERCL). Visiti la nostra <a href=\"https:\/\/aulavirtual.academiaeuropa.net\">aula virtual<\/a>.<\/p>\n\n\n\n<p><strong><mark style=\"background-color:rgba(0, 0, 0, 0)\" class=\"has-inline-color has-vivid-red-color\">Relaci\u00f3 de certificats de professionalitat i altres cursos relacionats amb l&#8217;administraci\u00f3 que tenim acreditats per impartir en els nostres centres:<\/mark><\/strong><br>&#8211; <strong>ADGD0108<\/strong> CP3 <strong>Gesti\u00f3 comptable i gesti\u00f3 administrativa per auditoria<\/strong> (630 h). Consulti el programa <a href=\"https:\/\/academiaeuropa.net\/wp-content\/uploads\/2024\/06\/ADGD0108-Gestion-contable-y-gestion-administrativa-para-auditoria.pdf\">aqu\u00ed<\/a>.<br>&#8211; <strong>ADGD0210<\/strong>.- CP3. <strong>Creaci\u00f3 i gesti\u00f3 de microempreses<\/strong> (520 h). Consulti el programa <a href=\"https:\/\/academiaeuropa.net\/wp-content\/uploads\/2024\/06\/ADGD0210-Creacion-microempresas.pdf\">aqu\u00ed<\/a>.<br>&#8211; <strong>ADGD0308<\/strong>.- CP2. <strong>Activitats de gesti\u00f3 administrativa<\/strong> (880 h). Consulti el programa <a href=\"https:\/\/academiaeuropa.net\/wp-content\/uploads\/2024\/06\/ADGD0308-Actividades-gestion-administrativas.pdf\">aqu\u00ed<\/a>.<br>&#8211; <strong>ADGD113PO<\/strong>.- <strong>Gesti\u00f3 comptable d&#8217;una empresa: ContaPlus<\/strong> (50 h). Consulti el programa <a href=\"https:\/\/academiaeuropa.net\/wp-content\/uploads\/2024\/06\/ADGD113PO-Gestion-contable-de-una-empresa-contaplus.pdf\">aqu\u00ed<\/a>.<br>&#8211; <strong>ADGD114PO<\/strong>.- <strong>Gesti\u00f3 comptable general, de costos i gesti\u00f3 fiscal<\/strong> (60 h). Consulti el programa <a href=\"https:\/\/academiaeuropa.net\/wp-content\/uploads\/2024\/06\/ADGD114PO-Gestion-contable-general-y-de-costes-y-gestion-fiscal.pdf\">aqu\u00ed<\/a>.<br>&#8211; <strong>ADGD207PO<\/strong>.- <strong>Planificaci\u00f3 i gesti\u00f3 del temps<\/strong> (60 h). Consulti el programa <a href=\"https:\/\/academiaeuropa.net\/wp-content\/uploads\/2024\/06\/ADGD207PO-Planificacion-y-gestion-del-tiempo.pdf\">aqu\u00ed<\/a>.<br>&#8211; <strong>ADGG0108<\/strong>.- CP3. <strong>Assist\u00e8ncia de direcci\u00f3<\/strong> (610 h). Consulti el programa <a href=\"https:\/\/academiaeuropa.net\/wp-content\/uploads\/2024\/06\/ADGG0108-Asistencia-de-direccion.pdf\">aqu\u00ed<\/a>.<br>&#8211; <strong>ADGG0208<\/strong>.- CP2. <strong>Activitats administratives en la relaci\u00f3 amb el client<\/strong> (800 h). Consulti el programa <a href=\"https:\/\/academiaeuropa.net\/wp-content\/uploads\/2024\/06\/ADGG0208-Actividades-administrativas-con-relacion-con-el-cliente.pdf\">aqu\u00ed<\/a>.<br>&#8211; <strong>ADGG0408<\/strong>.- CP1. <strong>Operacions auxiliars de serveis administratius i generals<\/strong> (430 h). Consulti el programa <a href=\"https:\/\/academiaeuropa.net\/wp-content\/uploads\/2024\/06\/ADGG0408-Operaciones-auxiliares-de-servicios-administrativos-y-generales.pdf\">aqu\u00ed<\/a>.<br>&#8211; <strong>ADGN0108<\/strong>.- CP3. <strong>Finan\u00e7ament d&#8217;empreses<\/strong> (630 h). Consulti el programa <a href=\"https:\/\/academiaeuropa.net\/wp-content\/uploads\/2024\/06\/ADGN0108-Financiacion-empresas.pdf\">aqu\u00ed<\/a>.<br>&#8211; <strong>HOTI0108<\/strong>.- CP3. <strong>Promoci\u00f3 tur\u00edstica local i informaci\u00f3 al visitant<\/strong> (690 h). Consulti el programa <a href=\"https:\/\/academiaeuropa.net\/wp-content\/uploads\/2024\/06\/HOTI012.pdf\">aqu\u00ed<\/a>.<br>&#8211; <strong>IFCD010PO<\/strong>.- <strong>Iniciaci\u00f3 a la creaci\u00f3 de p\u00e0gines web<\/strong> (40 h). Consulti el programa <a href=\"https:\/\/academiaeuropa.net\/wp-content\/uploads\/2024\/06\/IFCD010PO-Iniciacion-a-la-creacion-de-paginas-web.pdf\">aqu\u00ed<\/a>.<br>&#8211; <strong>IFCM07EXP<\/strong>.- <strong>Eines web 2.0 aplicades a la gesti\u00f3 i comercialitzaci\u00f3 d&#8217;empreses <\/strong>(250 h). Consulti el programa <a href=\"https:\/\/academiaeuropa.net\/wp-content\/uploads\/2024\/06\/IFCM07EXP-Herramientas-web-2.0-aplicadas-a-la-gestion-y-comercializacion-de-empresas.pdf\">aqu\u00ed<\/a>.<br>&#8211; <strong>ADGG0508<\/strong>.- CP1. <strong>Operacions de gravaci\u00f3 i tractament de dades i documents<\/strong> (440 h). Consulti el programa <a href=\"https:\/\/academiaeuropa.net\/wp-content\/uploads\/2024\/06\/ADGG0508-Operaciones-de-grabacion-y-tratamiento-de-datos-y-documentos.pdf\">aqu\u00ed<\/a>.<br>&#8211; <strong>FC0001.<\/strong>&#8211;<strong> Inserci\u00f3 laboral i t\u00e8cniques de recerca de feina<\/strong> (15 h). Consulti el programa <a href=\"https:\/\/academiaeuropa.net\/wp-content\/uploads\/2025\/04\/FCOO01-INSERCION-LABORAL-Y-TECNICAS-DE-BUSQUEDA-DE-EMPLEO.pdf\">aqu\u00ed<\/a>.<br>&#8211; <strong>CTRR0019.<\/strong>&#8211; <strong>Promoci\u00f3 de la cultura preventiva a l&#8217;entorn laboral<\/strong> (5 h).<\/p>\n\n\n\n<p><strong><mark style=\"background-color:rgba(0, 0, 0, 0)\" class=\"has-inline-color has-vivid-red-color\">Relaci\u00f3 d&#8217;accions formatives d&#8217;idiomes acreditats en els nostres centres:<\/mark><\/strong><br>&#8211; <strong>SSCE01.- ANGL\u00c8S A1 <\/strong>(150 h). Consulti el programa <a href=\"https:\/\/academiaeuropa.net\/wp-content\/uploads\/2024\/06\/SSCE01-Ingles-A1.pdf\">aqu\u00ed<\/a>.<br>&#8211; <strong>SSCE02.- ANGL\u00c8S A2 <\/strong>(150 h). Consulti el programa <a href=\"https:\/\/academiaeuropa.net\/wp-content\/uploads\/2024\/06\/SSCE02-Ingles-A2.pdf\">aqu\u00ed<\/a>.<br>&#8211;<strong> SSCE03.- ANGL\u00c8S B1<\/strong> (240 h). Consulti el programa <a href=\"https:\/\/academiaeuropa.net\/wp-content\/uploads\/2024\/06\/SSCE03-Ingles-B1.pdf\">aqu\u00ed<\/a>.<br>&#8211; <strong>SSCE04.- ANGL\u00c8S B2<\/strong> (240 h). Consulti el programa <a href=\"https:\/\/academiaeuropa.net\/wp-content\/uploads\/2024\/06\/SSCE04-Ingles-B2.pdf\">aqu\u00ed<\/a>.<br>&#8211; <strong>SSCE06.- ALEMANY A1<\/strong> (150 h). Consulti el programa <a href=\"https:\/\/academiaeuropa.net\/wp-content\/uploads\/2024\/06\/SSCE06-Aleman-A1.pdf\">aqu\u00ed<\/a>.<br>&#8211; <strong>SSCE07.- ALEMANY A2<\/strong> (150 h). Consulti el programa <a href=\"https:\/\/academiaeuropa.net\/wp-content\/uploads\/2024\/06\/SSCE07-Aleman-A2.pdf\">aqu\u00ed<\/a>.<br>&#8211; <strong>ADGX01.- ANGL\u00c8S: GESTI\u00d3 COMERCIAL<\/strong> (200 h). Consulti el programa <a href=\"https:\/\/academiaeuropa.net\/wp-content\/uploads\/2024\/06\/ADGX01-Ingles-gestion-comercial.pdf\">aqu\u00ed<\/a>.<br>&#8211; <strong>FCOV07.- FRANC\u00c8S N2<\/strong>, comunicaci\u00f3 en llengua estrangera (180 h). Consulti el programa <a href=\"https:\/\/academiaeuropa.net\/wp-content\/uploads\/2024\/06\/FCOV07-Comunicacion-en-lengua-extranjera-frances-N2.pdf\">aqu\u00ed<\/a>.<br>&#8211; <strong>FCOV09.- ALEMANY N2<\/strong>, comunicaci\u00f3 en llengua estrangera (180 h). Consulti el programa <a href=\"https:\/\/academiaeuropa.net\/wp-content\/uploads\/2024\/06\/FCOV09-Comunicacion-en-lengua-extranjera-aleman-N2.pdf\">aqu\u00ed<\/a>.<br>&#8211; <strong>FCOV10.- ALEMANY N3<\/strong>, comunicaci\u00f3 en llengua estrangera (180 h). Consulti el programa <a href=\"https:\/\/academiaeuropa.net\/wp-content\/uploads\/2024\/06\/FCOV10-Comunicacion-en-lengua-extranjera-aleman-N3.pdf\">aqu\u00ed<\/a>.<br>&#8211; <strong>HOTT04EXP.- RUS: ATENCI\u00d3 AL P\u00daBLIC<\/strong> (200 h). Consulti el programa <a href=\"https:\/\/academiaeuropa.net\/wp-content\/uploads\/2024\/06\/HOTT04EXP-Ruso-atencion-al-publico.pdf\">aqu\u00ed<\/a>.<\/p>\n","protected":false},"excerpt":{"rendered":"<p>Durant tot l&#8217;any oferim una gran selecci\u00f3 de cursos propis de mat\u00e8ries com MECANOGRAFIA, INFORM\u00c0TICA, ANGL\u00c8S, T\u00c8CNIC ADMINISTRATIU, REFOR\u00c7 ESCOLAR, etc. Cursos dirigits tant a fillets com a adults. Qualsevol edat \u00e9s bona per aprendre!! Consulti preu sense cap comprom\u00eds!! Classes als matins i als capvespres. ESCOLA D&#8217;ESTIU!! Durant els mesos de JULIOL i AGOST [&hellip;]<\/p>\n","protected":false},"author":1,"featured_media":0,"parent":0,"menu_order":1,"comment_status":"closed","ping_status":"closed","template":"","meta":{"footnotes":""},"class_list":["post-44","page","type-page","status-publish","hentry"],"_links":{"self":[{"href":"https:\/\/academiaeuropa.net\/ca\/wp-json\/wp\/v2\/pages\/44","targetHints":{"allow":["GET"]}}],"collection":[{"href":"https:\/\/academiaeuropa.net\/ca\/wp-json\/wp\/v2\/pages"}],"about":[{"href":"https:\/\/academiaeuropa.net\/ca\/wp-json\/wp\/v2\/types\/page"}],"author":[{"embeddable":true,"href":"https:\/\/academiaeuropa.net\/ca\/wp-json\/wp\/v2\/users\/1"}],"replies":[{"embeddable":true,"href":"https:\/\/academiaeuropa.net\/ca\/wp-json\/wp\/v2\/comments?post=44"}],"version-history":[{"count":41,"href":"https:\/\/academiaeuropa.net\/ca\/wp-json\/wp\/v2\/pages\/44\/revisions"}],"predecessor-version":[{"id":767,"href":"https:\/\/academiaeuropa.net\/ca\/wp-json\/wp\/v2\/pages\/44\/revisions\/767"}],"wp:attachment":[{"href":"https:\/\/academiaeuropa.net\/ca\/wp-json\/wp\/v2\/media?parent=44"}],"curies":[{"name":"wp","href":"https:\/\/api.w.org\/{rel}","templated":true}]}}