{"id":37,"date":"2024-05-25T07:13:01","date_gmt":"2024-05-25T07:13:01","guid":{"rendered":"https:\/\/academiaeuropa.net\/?page_id=37"},"modified":"2025-05-15T16:38:32","modified_gmt":"2025-05-15T16:38:32","slug":"informacion","status":"publish","type":"page","link":"https:\/\/academiaeuropa.net\/ca\/informacion","title":{"rendered":"El nostre equip"},"content":{"rendered":"\n<div class=\"wp-block-group is-nowrap is-layout-flex wp-container-core-group-is-layout-ad2f72ca wp-block-group-is-layout-flex\">\n<div class=\"wp-block-group is-vertical is-layout-flex wp-container-core-group-is-layout-8cf370e7 wp-block-group-is-layout-flex\">\n<p>ASENSI, ACAD\u00c8MIA EUROPA SL<\/p>\n\n\n\n<p>CIF: B 07910433<\/p>\n<\/div>\n<\/div>\n\n\n\n<p>L&#8217;Acad\u00e8mia Europa va ser fundada a Ma\u00f3 per Francisco Asensi Tebar l&#8217;any 1979.<\/p>\n\n\n\n<p>El nostre equip gestor i docent est\u00e0 format per professionals \u00e0mpliament qualificats. Oferim atenci\u00f3 personalitzada a l&#8217;alumne, cosa garanteix una s\u00f2lida formaci\u00f3.<\/p>\n\n\n<div class=\"wp-block-image\">\n<figure class=\"aligncenter size-full is-resized\"><img loading=\"lazy\" decoding=\"async\" width=\"396\" height=\"654\" src=\"https:\/\/academiaeuropa.net\/wp-content\/uploads\/2024\/05\/h1-3.png\" alt=\"\" class=\"wp-image-210\" style=\"width:70px\" srcset=\"https:\/\/academiaeuropa.net\/wp-content\/uploads\/2024\/05\/h1-3.png 396w, https:\/\/academiaeuropa.net\/wp-content\/uploads\/2024\/05\/h1-3-182x300.png 182w\" sizes=\"auto, (max-width: 396px) 100vw, 396px\" \/><\/figure>\n<\/div>\n\n\n<p class=\"has-text-align-center\"><strong>Francisco Asensi Tebar<\/strong> <br>(Fundador)<\/p>\n\n\n<div class=\"wp-block-image\">\n<figure class=\"aligncenter size-full is-resized\"><img loading=\"lazy\" decoding=\"async\" width=\"472\" height=\"660\" src=\"https:\/\/academiaeuropa.net\/wp-content\/uploads\/2024\/05\/m1-1.png\" alt=\"\" class=\"wp-image-209\" style=\"width:82px;height:auto\" srcset=\"https:\/\/academiaeuropa.net\/wp-content\/uploads\/2024\/05\/m1-1.png 472w, https:\/\/academiaeuropa.net\/wp-content\/uploads\/2024\/05\/m1-1-215x300.png 215w\" sizes=\"auto, (max-width: 472px) 100vw, 472px\" \/><\/figure>\n<\/div>\n\n\n<p class=\"has-text-align-center\"><strong>Margarita Cap\u00f3 Salas<\/strong> <br>(Ger\u00e8ncia i administraci\u00f3)<br><\/p>\n\n\n<div class=\"wp-block-image\">\n<figure class=\"aligncenter size-full is-resized\"><img loading=\"lazy\" decoding=\"async\" width=\"472\" height=\"660\" src=\"https:\/\/academiaeuropa.net\/wp-content\/uploads\/2024\/05\/m1-1.png\" alt=\"\" class=\"wp-image-209\" style=\"width:80px\" srcset=\"https:\/\/academiaeuropa.net\/wp-content\/uploads\/2024\/05\/m1-1.png 472w, https:\/\/academiaeuropa.net\/wp-content\/uploads\/2024\/05\/m1-1-215x300.png 215w\" sizes=\"auto, (max-width: 472px) 100vw, 472px\" \/><\/figure>\n<\/div>\n\n\n<p class=\"has-text-align-center\"><strong>Stanislava Bidovsk\u00e1 Mg.<\/strong> <br>(Angl\u00e8s)<br><\/p>\n\n\n<div class=\"wp-block-image\">\n<figure class=\"aligncenter size-full is-resized\"><img loading=\"lazy\" decoding=\"async\" width=\"396\" height=\"654\" src=\"https:\/\/academiaeuropa.net\/wp-content\/uploads\/2024\/05\/h1-3.png\" alt=\"\" class=\"wp-image-210\" style=\"width:70px\" srcset=\"https:\/\/academiaeuropa.net\/wp-content\/uploads\/2024\/05\/h1-3.png 396w, https:\/\/academiaeuropa.net\/wp-content\/uploads\/2024\/05\/h1-3-182x300.png 182w\" sizes=\"auto, (max-width: 396px) 100vw, 396px\" \/><\/figure>\n<\/div>\n\n\n<p class=\"has-text-align-center\"><strong>Josep Carretero Juanals<\/strong> <br>(Professor Gesti\u00f3 i Comptabilitat)<br><\/p>\n\n\n<div class=\"wp-block-image\">\n<figure class=\"aligncenter size-full is-resized\"><img loading=\"lazy\" decoding=\"async\" width=\"396\" height=\"654\" src=\"https:\/\/academiaeuropa.net\/wp-content\/uploads\/2024\/05\/h1-3.png\" alt=\"\" class=\"wp-image-210\" style=\"width:70px\" srcset=\"https:\/\/academiaeuropa.net\/wp-content\/uploads\/2024\/05\/h1-3.png 396w, https:\/\/academiaeuropa.net\/wp-content\/uploads\/2024\/05\/h1-3-182x300.png 182w\" sizes=\"auto, (max-width: 396px) 100vw, 396px\" \/><\/figure>\n<\/div>\n\n\n<p class=\"has-text-align-center\"><strong>Juan Diego Blanco G\u00f3mez<\/strong> <br>(Professor Inform\u00e0tica)<\/p>\n\n\n<div class=\"wp-block-image\">\n<figure class=\"aligncenter size-full is-resized\"><img loading=\"lazy\" decoding=\"async\" width=\"472\" height=\"660\" src=\"https:\/\/academiaeuropa.net\/wp-content\/uploads\/2024\/05\/m1-1.png\" alt=\"\" class=\"wp-image-209\" style=\"width:77px;height:auto\" srcset=\"https:\/\/academiaeuropa.net\/wp-content\/uploads\/2024\/05\/m1-1.png 472w, https:\/\/academiaeuropa.net\/wp-content\/uploads\/2024\/05\/m1-1-215x300.png 215w\" sizes=\"auto, (max-width: 472px) 100vw, 472px\" \/><\/figure>\n<\/div>\n\n\n<p class=\"has-text-align-center\"><strong>M\u00aa Nieves Juanico Gim\u00e9nez<\/strong> <br>(Administraci\u00f3)<\/p>\n\n\n<div class=\"wp-block-image\">\n<figure class=\"aligncenter size-full is-resized\"><img loading=\"lazy\" decoding=\"async\" width=\"472\" height=\"660\" src=\"https:\/\/academiaeuropa.net\/wp-content\/uploads\/2024\/05\/m1-1.png\" alt=\"\" class=\"wp-image-209\" style=\"width:77px;height:auto\" srcset=\"https:\/\/academiaeuropa.net\/wp-content\/uploads\/2024\/05\/m1-1.png 472w, https:\/\/academiaeuropa.net\/wp-content\/uploads\/2024\/05\/m1-1-215x300.png 215w\" sizes=\"auto, (max-width: 472px) 100vw, 472px\" \/><\/figure>\n<\/div>\n\n\n<p class=\"has-text-align-center\"><strong>Andrea Lara Osterwalder <\/strong><br>(Professora Alemany)<\/p>\n\n\n<div class=\"wp-block-image\">\n<figure class=\"aligncenter size-full is-resized\"><img loading=\"lazy\" decoding=\"async\" width=\"472\" height=\"660\" src=\"https:\/\/academiaeuropa.net\/wp-content\/uploads\/2024\/05\/m1-1.png\" alt=\"\" class=\"wp-image-209\" style=\"width:70px;height:auto\" srcset=\"https:\/\/academiaeuropa.net\/wp-content\/uploads\/2024\/05\/m1-1.png 472w, https:\/\/academiaeuropa.net\/wp-content\/uploads\/2024\/05\/m1-1-215x300.png 215w\" sizes=\"auto, (max-width: 472px) 100vw, 472px\" \/><\/figure>\n<\/div>\n\n\n<p class=\"has-text-align-center\"><strong>Eva M\u00aa Mu\u00f1iz Linares<\/strong> <br>(Professora Angl\u00e8s)<\/p>\n","protected":false},"excerpt":{"rendered":"<p>ASENSI, ACAD\u00c8MIA EUROPA SL CIF: B 07910433 L&#8217;Acad\u00e8mia Europa va ser fundada a Ma\u00f3 per Francisco Asensi Tebar l&#8217;any 1979. El nostre equip gestor i docent est\u00e0 format per professionals \u00e0mpliament qualificats. Oferim atenci\u00f3 personalitzada a l&#8217;alumne, cosa garanteix una s\u00f2lida formaci\u00f3. Francisco Asensi Tebar (Fundador) Margarita Cap\u00f3 Salas (Ger\u00e8ncia i administraci\u00f3) Stanislava Bidovsk\u00e1 Mg. [&hellip;]<\/p>\n","protected":false},"author":1,"featured_media":0,"parent":0,"menu_order":0,"comment_status":"closed","ping_status":"closed","template":"","meta":{"footnotes":""},"class_list":["post-37","page","type-page","status-publish","hentry"],"_links":{"self":[{"href":"https:\/\/academiaeuropa.net\/ca\/wp-json\/wp\/v2\/pages\/37","targetHints":{"allow":["GET"]}}],"collection":[{"href":"https:\/\/academiaeuropa.net\/ca\/wp-json\/wp\/v2\/pages"}],"about":[{"href":"https:\/\/academiaeuropa.net\/ca\/wp-json\/wp\/v2\/types\/page"}],"author":[{"embeddable":true,"href":"https:\/\/academiaeuropa.net\/ca\/wp-json\/wp\/v2\/users\/1"}],"replies":[{"embeddable":true,"href":"https:\/\/academiaeuropa.net\/ca\/wp-json\/wp\/v2\/comments?post=37"}],"version-history":[{"count":23,"href":"https:\/\/academiaeuropa.net\/ca\/wp-json\/wp\/v2\/pages\/37\/revisions"}],"predecessor-version":[{"id":764,"href":"https:\/\/academiaeuropa.net\/ca\/wp-json\/wp\/v2\/pages\/37\/revisions\/764"}],"wp:attachment":[{"href":"https:\/\/academiaeuropa.net\/ca\/wp-json\/wp\/v2\/media?parent=37"}],"curies":[{"name":"wp","href":"https:\/\/api.w.org\/{rel}","templated":true}]}}