{"id":150,"date":"2024-05-25T16:25:18","date_gmt":"2024-05-25T16:25:18","guid":{"rendered":"https:\/\/academiaeuropa.net\/?page_id=150"},"modified":"2024-05-25T18:19:25","modified_gmt":"2024-05-25T18:19:25","slug":"politica-de-cookies","status":"publish","type":"page","link":"https:\/\/academiaeuropa.net\/ca\/politica-de-cookies","title":{"rendered":"Pol\u00edtica de cookies"},"content":{"rendered":"\n<p>Al hacer uso de este sitio web, consiente y est\u00e1 de acuerdo en que alojemos estas cookies en su ordenador o dispositivo, para los fines que aqu\u00ed expresamos.<\/p>\n\n\n\n<p>Si decide no aceptar nuestras cookies, puede continuar usando nuestro sitio web de la forma habitual, aunque es posible que su experiencia de usuario se vea ligeramente perjudicada.<\/p>\n\n\n\n<p><strong>\u00bfQu\u00e9 son las cookies?<\/strong><\/p>\n\n\n\n<p>Una cookie es un fichero que se descarga en su ordenador al acceder a determinadas p\u00e1ginas web. Las cookies permiten a una p\u00e1gina web, entre otras cosas, almacenar y recuperar informaci\u00f3n sobre los h\u00e1bitos de navegaci\u00f3n de un usuario o de su equipo y, dependiendo de la informaci\u00f3n que contengan y de la forma en que utilice su equipo, pueden utilizarse para reconocer al usuario.<\/p>\n\n\n\n<p><strong>\u00bfQu\u00e9 tipos de cookies usa nuestra web?<\/strong><\/p>\n\n\n\n<p>Las cookies utilizadas por &#8220;Academia Europa&#8221; son an\u00f3nimas; no son cookies de terceros, publicitarias o de anal\u00edticas web.<\/p>\n\n\n\n<p><strong>Revocaci\u00f3n y eliminaci\u00f3n de cookies<\/strong><\/p>\n\n\n\n<p>Usted puede permitir, bloquear o eliminar las cookies instaladas en su equipo mediante la configuraci\u00f3n de las opciones del navegador instalado en su ordenador. En la funci\u00f3n Ayuda de la mayor\u00eda de los navegadores se indica c\u00f3mo configurar su navegador para que no acepte cookies, para que le notifique cada vez que reciba una nueva cookie, as\u00ed como para desactivar completamente todas las cookies.<\/p>\n","protected":false},"excerpt":{"rendered":"<p>Al hacer uso de este sitio web, consiente y est\u00e1 de acuerdo en que alojemos estas cookies en su ordenador o dispositivo, para los fines que aqu\u00ed expresamos. Si decide no aceptar nuestras cookies, puede continuar usando nuestro sitio web de la forma habitual, aunque es posible que su experiencia de usuario se vea ligeramente [&hellip;]<\/p>\n","protected":false},"author":1,"featured_media":0,"parent":0,"menu_order":5,"comment_status":"closed","ping_status":"closed","template":"","meta":{"footnotes":""},"class_list":["post-150","page","type-page","status-publish","hentry"],"_links":{"self":[{"href":"https:\/\/academiaeuropa.net\/ca\/wp-json\/wp\/v2\/pages\/150","targetHints":{"allow":["GET"]}}],"collection":[{"href":"https:\/\/academiaeuropa.net\/ca\/wp-json\/wp\/v2\/pages"}],"about":[{"href":"https:\/\/academiaeuropa.net\/ca\/wp-json\/wp\/v2\/types\/page"}],"author":[{"embeddable":true,"href":"https:\/\/academiaeuropa.net\/ca\/wp-json\/wp\/v2\/users\/1"}],"replies":[{"embeddable":true,"href":"https:\/\/academiaeuropa.net\/ca\/wp-json\/wp\/v2\/comments?post=150"}],"version-history":[{"count":1,"href":"https:\/\/academiaeuropa.net\/ca\/wp-json\/wp\/v2\/pages\/150\/revisions"}],"predecessor-version":[{"id":151,"href":"https:\/\/academiaeuropa.net\/ca\/wp-json\/wp\/v2\/pages\/150\/revisions\/151"}],"wp:attachment":[{"href":"https:\/\/academiaeuropa.net\/ca\/wp-json\/wp\/v2\/media?parent=150"}],"curies":[{"name":"wp","href":"https:\/\/api.w.org\/{rel}","templated":true}]}}